{"id":405,"date":"2024-10-12T01:16:35","date_gmt":"2024-10-11T19:16:35","guid":{"rendered":"http:\/\/localhost\/projects\/intermarine\/cookies\/"},"modified":"2026-02-28T02:52:03","modified_gmt":"2026-02-27T20:52:03","slug":"cookies","status":"publish","type":"page","link":"https:\/\/intermarine-consulting.hr\/en\/cookies\/","title":{"rendered":"Cookies"},"content":{"rendered":"<h1>Cookies<\/h1>\n<h3>\u0160to su kola\u010di\u0107i?<\/h3>\n<p>Kola\u010di\u0107 (cookie \u2013 u daljnjem tekstu: \u201ekola\u010di\u0107\/i\u201c) predstavlja informaciju koja se pohranjuje na Va\u0161e ra\u010dunalo od strane Internet stranice koju posje\u0107ujete. Kola\u010di\u0107i obi\u010dno spremaju Va\u0161e postavke te postavke za Internet stranicu, a kao \u0161to su preferirani jezik ili adresa. Nakon \u0161to naknadno opet posjetite istu Internet stranicu, Internet preglednik povratno oda\u0161ilje kola\u010di\u0107e koji pripadaju toj Internet stranici. Time se omogu\u0107ava Internet stranici da prika\u017ee informacije prilago\u0111ene Va\u0161im potrebama.   <\/p>\n<h3>Koja je svrha kola\u010di\u0107a?<\/h3>\n<p>Kako bi se osigurao pravilan rad Internet stranice www.intermarine-consulting.hr, daljnjaunaprje\u0111enja te pobolj\u0161anja Va\u0161ih iskustava u pregledavanju, Internet stranicawww.intermarine-consulting.hr na Va\u0161e ra\u010dunalo pohranjuje malenu koli\u010dinu informacija (kola\u010di\u0107e).<\/p>\n<h3>Koje informacije kola\u010di\u0107i mogu pohranjivati?<\/h3>\n<p>Kola\u010di\u0107i mogu pohranjivati \u0161irok pojas informacija uklju\u010duju\u0107i osobne informacije (kao \u0161to je Va\u0161e ime ili e-mail adresa). Ipak, ova informacija mo\u017ee biti spremljena jedino ako Vi to omogu\u0107ite.<br \/>\nNaime, Internet stranica www.intermarine-consulting.hr ne mo\u017ee dobiti pristup informacijama koji im Vi niste dali i ne mogu pristupiti drugim datotekama na Va\u0161em ra\u010dunalu. Zadane aktivnosti spremanja i slanja kola\u010di\u0107a Vama nisu vidljive. Ipak, mo\u017eete promijeniti Va\u0161e postavke Internet preglednika kako bi mogli sami birati ho\u0107ete li zahtjeve za pohranu kola\u010di\u0107a odobriti ili odbiti, pobrisat spremljene kola\u010di\u0107e automatski pri zatvaranju Internet preglednika i sli\u010dno.   <\/p>\n<h3>Pristanak na pohranjivanje kola\u010di\u0107a<\/h3>\n<p>Kori\u0161tenjem Internet stranica www.intermarine-consulting.hr bez promjene postavki kojima bi se uskratila suglasnost na pohranu kola\u010di\u0107a na Va\u0161e ra\u010dunalo, prihva\u0107ate kori\u0161tenje i pohranu kola\u010di\u0107a na Va\u0161e ra\u010dunalo. Ukoliko ne pristanete na pohranu kola\u010di\u0107a, pohranjivanje istih na Va\u0161em ra\u010dunalu bit \u0107e onemogu\u0107eno, a Vi \u0107ete i dalje biti u mogu\u0107nosti pregledavati Internet stranicu www.intermarine-consulting.hr , s time da Vam pojedine mogu\u0107nosti Internet stranice ne\u0107e biti dostupne. <\/p>\n<h3>Kako onemogu\u0107iti kola\u010di\u0107e?<\/h3>\n<p>Isklju\u010divanjem kola\u010di\u0107a odlu\u010dujete ho\u0107ete li dopustiti pohranjivanje kola\u010di\u0107a na va\u0161em ra\u010dunalu.<br \/>\nPostavke kola\u010di\u0107a mogu se kontrolirati i konfigurirati u va\u0161em Internet pregledniku. Za informacije o postavkama kola\u010di\u0107a, odaberite Internet preglednik koji koristite: <\/p>\n<ul>\n<li>Chrome<\/li>\n<li>Firefox<\/li>\n<li>Internet Explorer 9<\/li>\n<li>Internet Explorer 7 i 8<\/li>\n<li>Opera<\/li>\n<li>Safari<\/li>\n<\/ul>\n<p>Ako onemogu\u0107ite kola\u010di\u0107e, ne\u0107ete mo\u0107i koristiti neke od funkcionalnosti na Internet straniciwww.intermarine-consulting.hr .<\/p>\n<h3>\u0160to su privremeni kola\u010di\u0107i?<\/h3>\n<p>Privremeni kola\u010di\u0107i ili kola\u010di\u0107i sesije uklanjaju se s ra\u010dunala po zatvaranju Internet preglednika. Pomo\u0107u privremenih kola\u010di\u0107a web-mjesta pohranjuju privremene podatke, poput stavki u ko\u0161arici za kupnju. <\/p>\n<h3>\u0160to su stalni kola\u010di\u0107i?<\/h3>\n<p>Stalni ili spremljeni kola\u010di\u0107i ostaju pohranjeni na ra\u010dunalu nakon zatvaranja Internet preglednika. Pomo\u0107u njih web-mjesta pohranjuju podatke, kao \u0161to su ime za prijavu i lozinka, tako da se ne morate prijavljivat prilikom svakog posjeta odre\u0111enom mjestu. Stalni kola\u010di\u0107i ostat \u0107e na ra\u010dunalu danima, mjesecima, \u010dak i godinama  <\/p>\n<h3>\u0160to su kola\u010di\u0107i prve strane?<\/h3>\n<p>Kola\u010di\u0107i prve strane dolaze s web-mjesta koje posje\u0107ujete, a mogu biti stalni ili privremeni. Uz<br \/><!-- -->pomo\u0107 tih kola\u010di\u0107a web-mjesta mogu pohraniti podatke koje \u0107e ponovo koristiti prilikom slijede\u0107eg<br \/><!-- -->posjeta tom web-mjestu <\/p>\n<h3>\u0160to su kola\u010di\u0107i tre\u0107e strane?<\/h3>\n<p>Kola\u010di\u0107i tre\u0107e strane dolaze s reklama drugih web-mjesta (kao \u0161to su sko\u010dne ili druge reklame) koje se nalaze na web-mjestu koje posje\u0107ujete. Pomo\u0107u tih kola\u010di\u0107a web-mjesta mogu pratiti kori\u0161tenje Interneta u marketin\u0161ke svrhe. <\/p>\n<h3>Koristi li www.intermarine-consulting.hr kola\u010di\u0107e?<\/h3>\n<p>Internet stranica www.intermarine-consulting.hr koristi kola\u010di\u0107e kako bi Vam se omogu\u0107ilo \u0161to bolje korisni\u010dko iskustvo.<\/p>\n<h3>Koje kola\u010di\u0107e koristi www.intermarine-consulting.hr i za\u0161to?<\/h3>\n<p>\u2022 Privremeni kola\u010di\u0107i (Session cookies) &#8211; to su privremeni kola\u010di\u0107i koji istje\u010du (i automatski se<br \/><!-- -->bri\u0161u) kada zatvorite Internet preglednik. Internet stranica www.intermarine-consulting.hr koristi<br \/><!-- -->session cookies kako bi omogu\u0107ila pristup sadr\u017eaju i omogu\u0107ila komentiranje (\u0161to \u010dinite kada se<br \/><!-- -->prijavite sa svojim podacima na web stranicu). <\/p>\n<p>\u2022 Trajni kola\u010di\u0107i (Persistent cookies) &#8211; obi\u010dno imaju datum isteka daleko u budu\u0107nosti te \u0107e ostati<br \/><!-- -->u va\u0161em pregledniku, sve dok ne isteknu, ili dok ih ru\u010dno ne izbri\u0161ete. Internet stranica<br \/><!-- -->www.intermarine-consulting.hr koristi trajne kola\u010di\u0107e za funkcionalnosti kao \u0161to su &#8220;Ostanite<br \/><!-- -->prijavljeni&#8221;, \u0161to korisnicima olak\u0161ava pristup portalu kao registriranom korisniku.  Tako\u0111erkoristimo trajne kola\u010di\u0107e kako bi bolje razumjeli navike korisnika, tako da mo\u017eemo pobolj\u0161atiInternet stranicu prema Va\u0161im navikama. Ova informacija je anonimna &#8211; ne vidimo individualne<\/p>\n<h3>Postoje li na Internet stranici www.intermarine-consulting.hr kola\u010di\u0107i tre\u0107e strane?<\/h3>\n<p>Postoji nekoliko vanjskih servisa koji na Va\u0161a ra\u010dunala pohranjuju limitirane kola\u010di\u0107e. Ovi kola\u010di\u0107inisu postavljeni od strane Internet stranice www.intermarine-consulting.hr , ali neki slu\u017ee zanormalno funkcioniranje odre\u0111enih mogu\u0107nosti koje korisnicima olak\u0161avaju pristup sadr\u017eaju. Trenutnoomogu\u0107ujemo:<\/p>\n<p>\u2022 Dru\u0161tvene mre\u017ee &#8211; korisnici mogu dijeliti objave na dru\u0161tvenim mre\u017eama Facebook i Google+ koje \u0107ena Va\u0161e ra\u010dunalo pohraniti kola\u010di\u0107e.<\/p>\n<p>\u2022 Mjerenje posje\u0107enosti &#8211; Internet stranica www.intermarine-consulting.hr koristi servis za mjerenjeposje\u0107enosti, a to je Google Analytics.<\/p>\n<p>Ukoliko \u017eelite onemogu\u0107iti da navedeni servisi pohranjuju kola\u010di\u0107e na Va\u0161em ra\u010dunalu, mo\u017eeteblokirati predmetne kola\u010di\u0107e.<\/p>\n<h3>Dodatne informacije oko isklju\u010divanja kola\u010di\u0107a<\/h3>\n<p>Trenutno postoji nekoliko Internet stranica za isklju\u010divanje pohranjivanja kola\u010di\u0107a za razli\u010diteservise. O navedenoj temi se mo\u017eete podrobno informirati na sljede\u0107im linkovima:<\/p>\n<ul>\n<li>http:\/\/www.allaboutcookies.org\/<\/li>\n<li>http:\/\/www.youronlinechoices.eu\/<\/li>\n<li>http:\/\/www.aboutads.info\/choices\/<\/li>\n<\/ul>\n","protected":false},"excerpt":{"rendered":"<p>Cookies \u0160to su kola\u010di\u0107i? Kola\u010di\u0107 (cookie \u2013 u daljnjem tekstu: \u201ekola\u010di\u0107\/i\u201c) predstavlja informaciju koja se pohranjuje na Va\u0161e ra\u010dunalo od strane Internet stranice koju posje\u0107ujete. Kola\u010di\u0107i obi\u010dno spremaju Va\u0161e postavke te postavke za Internet stranicu, a kao \u0161to su preferirani jezik ili adresa. Nakon \u0161to naknadno opet posjetite istu Internet stranicu, Internet preglednik povratno oda\u0161ilje [&hellip;]<\/p>\n","protected":false},"author":1,"featured_media":0,"parent":0,"menu_order":0,"comment_status":"closed","ping_status":"closed","template":"templates\/full-width-page.php","meta":{"footnotes":""},"class_list":["post-405","page","type-page","status-publish","hentry"],"acf":[],"_links":{"self":[{"href":"https:\/\/intermarine-consulting.hr\/en\/wp-json\/wp\/v2\/pages\/405","targetHints":{"allow":["GET"]}}],"collection":[{"href":"https:\/\/intermarine-consulting.hr\/en\/wp-json\/wp\/v2\/pages"}],"about":[{"href":"https:\/\/intermarine-consulting.hr\/en\/wp-json\/wp\/v2\/types\/page"}],"author":[{"embeddable":true,"href":"https:\/\/intermarine-consulting.hr\/en\/wp-json\/wp\/v2\/users\/1"}],"replies":[{"embeddable":true,"href":"https:\/\/intermarine-consulting.hr\/en\/wp-json\/wp\/v2\/comments?post=405"}],"version-history":[{"count":3,"href":"https:\/\/intermarine-consulting.hr\/en\/wp-json\/wp\/v2\/pages\/405\/revisions"}],"predecessor-version":[{"id":587,"href":"https:\/\/intermarine-consulting.hr\/en\/wp-json\/wp\/v2\/pages\/405\/revisions\/587"}],"wp:attachment":[{"href":"https:\/\/intermarine-consulting.hr\/en\/wp-json\/wp\/v2\/media?parent=405"}],"curies":[{"name":"wp","href":"https:\/\/api.w.org\/{rel}","templated":true}]}}